{"id":3,"date":"2021-01-06T17:39:27","date_gmt":"2021-01-06T17:39:27","guid":{"rendered":"https:\/\/oper8bizz.live-website.com\/?page_id=3"},"modified":"2024-02-08T19:41:24","modified_gmt":"2024-02-08T19:41:24","slug":"privacy-policy","status":"publish","type":"page","link":"https:\/\/oper8bizz.com\/fr\/privacy-policy","title":{"rendered":"politique de confidentialit\u00e9"},"content":{"rendered":"<div data-elementor-type=\"wp-page\" data-elementor-id=\"3\" class=\"elementor elementor-3\" data-elementor-post-type=\"page\">\n\t\t\t\t\t\t<section class=\"elementor-section elementor-top-section elementor-element elementor-element-18404b38 elementor-section-boxed elementor-section-height-default elementor-section-height-default\" data-id=\"18404b38\" data-element_type=\"section\" data-e-type=\"section\">\n\t\t\t\t\t\t<div class=\"elementor-container elementor-column-gap-default\">\n\t\t\t\t\t<div class=\"elementor-column elementor-col-100 elementor-top-column elementor-element elementor-element-5c798fc4\" data-id=\"5c798fc4\" data-element_type=\"column\" data-e-type=\"column\">\n\t\t\t<div class=\"elementor-widget-wrap\">\n\t\t\t\t\t\t\t<\/div>\n\t\t<\/div>\n\t\t\t\t\t<\/div>\n\t\t<\/section>\n\t\t\t\t<section class=\"elementor-section elementor-top-section elementor-element elementor-element-5d58da9e elementor-section-full_width elementor-section-height-default elementor-section-height-default\" data-id=\"5d58da9e\" data-element_type=\"section\" data-e-type=\"section\">\n\t\t\t\t\t\t<div class=\"elementor-container elementor-column-gap-default\">\n\t\t\t\t\t<div class=\"elementor-column elementor-col-100 elementor-top-column elementor-element elementor-element-aed8317\" data-id=\"aed8317\" data-element_type=\"column\" data-e-type=\"column\">\n\t\t\t<div class=\"elementor-widget-wrap elementor-element-populated\">\n\t\t\t\t\t\t<div class=\"elementor-element elementor-element-372b5044 elementor-widget elementor-widget-image\" data-id=\"372b5044\" data-element_type=\"widget\" data-e-type=\"widget\" data-widget_type=\"image.default\">\n\t\t\t\t<div class=\"elementor-widget-container\">\n\t\t\t\t\t\t\t\t\t\t\t\t\t\t\t<img decoding=\"async\" src=\"https:\/\/oper8bizz.com\/wp-content\/uploads\/elementor\/thumbs\/pexels-picjumbocom-461077-2-scaled-p1188c77f6ynd0qhhp36z1tv6j7wmut2a0r3gd53r4.jpg\" title=\"\" alt=\"It&#039;s Time To Grow Your Business\" loading=\"lazy\" \/>\t\t\t\t\t\t\t\t\t\t\t\t\t\t\t<\/div>\n\t\t\t\t<\/div>\n\t\t\t\t\t<\/div>\n\t\t<\/div>\n\t\t\t\t\t<\/div>\n\t\t<\/section>\n\t\t\t\t<section class=\"elementor-section elementor-top-section elementor-element elementor-element-f730e84 elementor-section-boxed elementor-section-height-default elementor-section-height-default\" data-id=\"f730e84\" data-element_type=\"section\" data-e-type=\"section\">\n\t\t\t\t\t\t<div class=\"elementor-container elementor-column-gap-default\">\n\t\t\t\t\t<div class=\"elementor-column elementor-col-100 elementor-top-column elementor-element elementor-element-15c75cd6\" data-id=\"15c75cd6\" data-element_type=\"column\" data-e-type=\"column\">\n\t\t\t<div class=\"elementor-widget-wrap elementor-element-populated\">\n\t\t\t\t\t\t<div class=\"elementor-element elementor-element-a3885e7 animated-slow elementor-widget-divider--view-line elementor-invisible elementor-widget elementor-widget-divider\" data-id=\"a3885e7\" data-element_type=\"widget\" data-e-type=\"widget\" data-settings=\"{&quot;_animation&quot;:&quot;zoomIn&quot;,&quot;_animation_delay&quot;:100}\" data-widget_type=\"divider.default\">\n\t\t\t\t<div class=\"elementor-widget-container\">\n\t\t\t\t\t\t\t<div class=\"elementor-divider\">\n\t\t\t<span class=\"elementor-divider-separator\">\n\t\t\t\t\t\t<\/span>\n\t\t<\/div>\n\t\t\t\t\t\t<\/div>\n\t\t\t\t<\/div>\n\t\t\t\t<section class=\"elementor-section elementor-inner-section elementor-element elementor-element-1dc0b60 elementor-section-boxed elementor-section-height-default elementor-section-height-default\" data-id=\"1dc0b60\" data-element_type=\"section\" data-e-type=\"section\">\n\t\t\t\t\t\t<div class=\"elementor-container elementor-column-gap-default\">\n\t\t\t\t\t<div class=\"elementor-column elementor-col-100 elementor-inner-column elementor-element elementor-element-519b995e\" data-id=\"519b995e\" data-element_type=\"column\" data-e-type=\"column\">\n\t\t\t<div class=\"elementor-widget-wrap elementor-element-populated\">\n\t\t\t\t\t\t<div class=\"elementor-element elementor-element-480bfc9 elementor-widget elementor-widget-text-editor\" data-id=\"480bfc9\" data-element_type=\"widget\" data-e-type=\"widget\" data-widget_type=\"text-editor.default\">\n\t\t\t\t<div class=\"elementor-widget-container\">\n\t\t\t\t\t\t\t\t\t<p><strong>Derni\u00e8re modification:<\/strong> January 15, 2024<\/p><p>Oper8Bizz INC (\"nous\" ou \"notre\") exploite le site oper8bizz.com (le \"Service\").<\/p><p><span style=\"text-decoration: underline;\"><strong>COLLECTE, UTILISATION, COMMUNICATION ET CONSENTEMENT DES RENSEIGNEMENTS PERSONNELS<\/strong><\/span><\/p><p>Les renseignements personnels peuvent comprendre votre nom, votre adresse \u00e9lectronique, votre \u00e2ge, votre adresse domiciliaire, votre num\u00e9ro de t\u00e9l\u00e9phone, votre \u00e9tat civil, votre revenu, vos ant\u00e9c\u00e9dents de cr\u00e9dit, vos renseignements m\u00e9dicaux, vos \u00e9tudes, vos renseignements sur l\u2019emploi et vos num\u00e9ros d\u2019inscription sociale.<\/p><p>Nous nous engageons \u00e0 fournir \u00e0 nos clients, clients, membres (\"vous\", \"votre\" ou \"eux\") un service exceptionnel. Fournir un service exceptionnel peut impliquer la collecte, l\u2019utilisation et, parfois, la divulgation de vos renseignements personnels. La protection de vos renseignements personnels est l\u2019une de nos plus grandes priorit\u00e9s. Bien que nous ayons toujours respect\u00e9 votre vie priv\u00e9e et prot\u00e9g\u00e9 tous les renseignements personnels, nous avons renforc\u00e9 notre engagement \u00e0 cet \u00e9gard. Il s\u2019agit de continuer \u00e0 vous fournir un service exceptionnel et de respecter toutes les lois concernant la collecte, l\u2019utilisation et la divulgation des renseignements personnels. Nous vous informerons des raisons pour lesquelles nous recueillons, utilisons et divulguons des renseignements personnels, de la fa\u00e7on dont nous obtenons votre consentement, au besoin, et du traitement des renseignements personnels conform\u00e9ment \u00e0 la loi applicable. Notre engagement en mati\u00e8re de protection de la vie priv\u00e9e consiste notamment \u00e0 assurer l\u2019exactitude, la confidentialit\u00e9 et la s\u00e9curit\u00e9 de vos renseignements personnels et \u00e0 vous permettre de demander l\u2019acc\u00e8s \u00e0 vos renseignements personnels et de les corriger.<\/p><p>Cette page vous informe de nos politiques concernant la collecte, l\u2019utilisation et la divulgation de renseignements personnels lorsque vous utilisez notre service.<\/p><p>Nous n\u2019utiliserons ni ne partagerons vos informations avec personne, sauf comme d\u00e9crit dans la pr\u00e9sente Politique de confidentialit\u00e9.<\/p><p>Nous ne recueillerons que les renseignements personnels n\u00e9cessaires aux fins suivantes\u00a0:<\/p><ul><li>Pour v\u00e9rifier l\u2019identit\u00e9;<\/li><li>Pour d\u00e9terminer vos pr\u00e9f\u00e9rences;<\/li><li>Ouvrir et g\u00e9rer un compte;<\/li><li>S\u2019assurer que vous recevez un service de haute qualit\u00e9;<\/li><li>R\u00e9pondre aux exigences r\u00e9glementaires;<\/li><li>D\u2019autres raisons juridiques s\u2019appliquent aux biens et services demand\u00e9s.<\/li><\/ul><p>\u00a0<\/p><p>Nous obtiendrons votre consentement pour recueillir, utiliser ou divulguer des renseignements personnels. Dans certains cas, nous pouvons le faire sans votre consentement (voir ci-dessous). Vous pouvez donner votre consentement oralement, par \u00e9crit, par voie \u00e9lectronique ou par l\u2019entremise d\u2019un repr\u00e9sentant autoris\u00e9.<\/p><p>Vous donnez votre consentement implicite lorsque notre but de recueillir vos renseignements personnels est consid\u00e9r\u00e9 comme \u00e9vident ou raisonnable dans les circonstances. Le consentement peut \u00e9galement \u00eatre implicite lorsque vous avez un pr\u00e9avis et une possibilit\u00e9 raisonnable de refuser que vos renseignements personnels soient utilis\u00e9s \u00e0 des fins d\u2019envois postaux, de marketing ou de collecte de fonds et que vous ne le refusez pas.<\/p><p>Nous pouvons recueillir, utiliser ou divulguer des renseignements personnels sans le consentement\u00a0:<\/p><ul><li>Lorsque la loi l'autorise ou l'exige ;<\/li><li>En cas d'urgence qui menace la vie, la sant\u00e9 ou la s\u00e9curit\u00e9 personnelle d'un individu ;<\/li><li>Lorsque les informations personnelles sont disponibles aupr\u00e8s d'une source publique ;<\/li><li>Lorsque nous avons besoin des conseils juridiques d'un avocat ;<\/li><li>Aux fins de recouvrement d'une dette ou de protection contre la fraude ;<\/li><li>Autres motifs l\u00e9galement \u00e9tablis.<\/li><\/ul><p>\u00a0<\/p><p>Nous ne vendrons pas vos informations personnelles \u00e0 d'autres parties \u00e0 moins que le consentement n'ait \u00e9t\u00e9 fourni ou implicite. Nous conservons vos informations personnelles pendant le temps n\u00e9cessaire \u00e0 la r\u00e9alisation des finalit\u00e9s identifi\u00e9es ou \u00e0 une finalit\u00e9 l\u00e9gale ou commerciale. Nous ferons des efforts raisonnables pour nous assurer que vos informations personnelles sont exactes et compl\u00e8tes. Vous pouvez demander la correction de vos informations personnelles pour garantir leur exactitude et leur exhaustivit\u00e9. Une demande doit \u00eatre faite par \u00e9crit et fournir suffisamment de d\u00e9tails pour identifier vos informations personnelles et la correction demand\u00e9e.<\/p><p>Nous nous engageons \u00e0 assurer la s\u00e9curit\u00e9 de vos renseignements personnels et pouvons utiliser des mots de passe, le cryptage, les pare-feu, l\u2019acc\u00e8s restreint des employ\u00e9s ou d\u2019autres m\u00e9thodes, \u00e0 notre discr\u00e9tion. Nous utiliserons les mesures de s\u00e9curit\u00e9 appropri\u00e9es lors de la destruction de vos renseignements personnels, comme le d\u00e9chiquetage de documents ou la suppression de renseignements stock\u00e9s \u00e9lectroniquement, \u00e0 notre discr\u00e9tion.<\/p><p><span style=\"text-decoration: underline;\"><strong>LOG DATA<\/strong><\/span><\/p><p>Nous pouvons \u00e9galement collecter des informations que votre navigateur envoie chaque fois que vous visitez notre Service (\"Log Data\"). Ces donn\u00e9es de journal peuvent inclure des informations telles que l\u2019adresse de protocole Internet (\"IP\") de votre ordinateur, le type de navigateur, la version du navigateur, les pages de notre service que vous visitez, l\u2019heure et la date de votre visite, le temps pass\u00e9 sur ces pages et d\u2019autres statistiques.<\/p><p>En outre, nous pouvons utiliser des services tiers tels que Google Analytics qui recueillent, surveillent et analysent ce type d\u2019informations afin d\u2019am\u00e9liorer les fonctionnalit\u00e9s de notre Service. Ces fournisseurs de services tiers ont leurs propres politiques de confidentialit\u00e9 concernant la fa\u00e7on dont ils utilisent ces informations.<\/p><p><span style=\"text-decoration: underline;\"><strong>COOKIES<\/strong><\/span><\/p><p>Les cookies sont des fichiers contenant une petite quantit\u00e9 de donn\u00e9es, qui peuvent inclure un identifiant unique anonyme. Les cookies sont envoy\u00e9s \u00e0 votre navigateur \u00e0 partir d'un site Web et stock\u00e9s sur le disque dur de votre ordinateur.<\/p><p>Nous utilisons des \"cookies\" pour collecter des informations. Vous pouvez demander \u00e0 votre navigateur de refuser tous les cookies ou d'indiquer quand un cookie est envoy\u00e9. Cependant, si vous n'acceptez pas les cookies, vous ne pourrez peut-\u00eatre pas utiliser certaines parties de notre Service. Si vous ne demandez pas \u00e0 votre navigateur de refuser tous les cookies ou d'indiquer quand un cookie est envoy\u00e9, votre consentement \u00e0 notre utilisation de vos informations personnelles peut \u00eatre implicite.<\/p><p><span style=\"text-decoration: underline;\"><strong>REMARKETING COMPORTEMENTAL<\/strong><\/span><\/p><p>Oper8Bizz INC utilise des services de remarketing pour vous faire de la publicit\u00e9 sur des sites Web tiers apr\u00e8s avoir visit\u00e9 notre service. Nous, et nos fournisseurs tiers, utilisons des cookies pour informer, optimiser et diffuser des publicit\u00e9s en fonction de vos visites pass\u00e9es sur notre Service. Dans certaines circonstances, votre consentement implicite \u00e0 notre acc\u00e8s, utilisation ou divulgation peut \u00eatre fourni si vous ne demandez pas \u00e0 votre navigateur Web de refuser tous les cookies ou d'indiquer quand un cookie est envoy\u00e9 ou si vous ne vous d\u00e9sabonnez pas de Google Analytics ou d'autres services. , comme indiqu\u00e9 ci-dessous.<\/p><ul><li><strong>Google. Google AdWords<\/strong> remarketing service is provided by Google Inc.<br \/>You can opt-out of Google Analytics for Display Advertising and customize the Google Display Network ads by visiting the Google Ads Settings page: http:\/\/www.google.com\/settings\/adsGoogle also recommends installing the Google Analytics Opt-out Browser Add-on &#8211; https:\/\/tools.google.com\/dlpage\/gaoptout &#8211; for your web browser. Google Analytics Opt-out Browser Add-on provides visitors with the ability to prevent their data from being collected and used by Google Analytics.<p>Pour en savoir plus sur les pratiques de confidentialit\u00e9 de Google, veuillez consulter la page Web Google Privacy &amp; Terms\u00a0: http:\/\/www.google.com\/intl\/fr\/policies\/privacy\/<\/p><\/li><\/ul><ul><li><strong>Facebook<\/strong>. Le service de remarketing Facebook est fourni par Facebook Inc<br \/><p>Vous pouvez en savoir plus sur la publicit\u00e9 cibl\u00e9e par centres d'int\u00e9r\u00eat de Facebook en visitant cette page : https:\/\/www.facebook.com\/help\/164968693837950<\/p><p>Pour vous d\u00e9sinscrire des publicit\u00e9s bas\u00e9es sur les centres d'int\u00e9r\u00eat de Facebook, suivez ces instructions de Facebook : https:\/\/www.facebook.com\/about\/ads\/#568137493302217<\/p><p>Facebook adh\u00e8re aux principes d'autor\u00e9gulation pour la publicit\u00e9 comportementale en ligne \u00e9tablis par la Digital Advertising Alliance. Vous pouvez \u00e9galement vous d\u00e9sinscrire de Facebook et d'autres entreprises participantes via la Digital Advertising Alliance aux \u00c9tats-Unis. http:\/\/www.aboutads.info\/choices\/ , l'Alliance canadienne de la publicit\u00e9 num\u00e9rique au Canada http:\/\/votrechoix.ca\/ ou l'Alliance europ\u00e9enne de la publicit\u00e9 num\u00e9rique interactive en Europe http:\/\/www.youronlinechoices.eu\/ , ou opt-out en utilisant les param\u00e8tres de votre appareil mobile.<\/p><p>Pour plus d'informations sur les pratiques de confidentialit\u00e9 de Facebook, veuillez consulter la politique de donn\u00e9es de Facebook : https:\/\/www.facebook.com\/privacy\/explanation<\/p><\/li><\/ul><p><span style=\"text-decoration: underline;\"><strong>FOURNISSEURS DE SERVICES<\/strong><\/span><\/p><p>Nous pouvons faire appel \u00e0 des soci\u00e9t\u00e9s tierces et \u00e0 des particuliers pour faciliter notre Service, pour fournir le Service en notre nom, pour effectuer des services li\u00e9s au Service ou pour nous aider \u00e0 analyser la mani\u00e8re dont notre Service est utilis\u00e9.<\/p><p>Ces tiers ont acc\u00e8s \u00e0 vos informations personnelles uniquement pour effectuer ces t\u00e2ches en notre nom et sont tenus de ne pas les divulguer ou les utiliser \u00e0 d'autres fins.<\/p><p><span style=\"text-decoration: underline;\"><strong>COMMUNICATIONS<\/strong><\/span><\/p><p>Nous pouvons utiliser vos informations personnelles pour vous contacter avec des newsletters, du mat\u00e9riel marketing ou promotionnel et d'autres informations susceptibles de vous int\u00e9resser. Vous pouvez refuser de recevoir tout ou partie de ces communications de notre part en suivant le lien de d\u00e9sabonnement ou les instructions fournies dans tout e-mail que nous envoyons.<\/p><p><span style=\"text-decoration: underline;\"><strong>CONFORMIT\u00c9 AUX LOIS<\/strong><\/span><\/p><p>Comme indiqu\u00e9 ci-dessus, et pour plus de clart\u00e9, nous divulguerons vos informations personnelles lorsque la loi ou une citation \u00e0 compara\u00eetre l'exige ou si nous pensons qu'une telle action est n\u00e9cessaire pour se conformer \u00e0 la loi et aux demandes raisonnables des forces de l'ordre ou pour prot\u00e9ger la s\u00e9curit\u00e9. ou l'int\u00e9grit\u00e9 de notre Service.<\/p><p><span style=\"text-decoration: underline;\"><strong>S\u00c9CURIT\u00c9<\/strong><\/span><\/p><p>La s\u00e9curit\u00e9 de vos informations personnelles est importante pour nous, mais n'oubliez pas qu'aucune m\u00e9thode de transmission sur Internet ou m\u00e9thode de stockage \u00e9lectronique n'est s\u00e9curis\u00e9e \u00e0 100 %. Bien que nous nous efforcions d'utiliser des moyens commercialement acceptables pour prot\u00e9ger vos informations personnelles, nous ne pouvons garantir leur s\u00e9curit\u00e9 absolue.<\/p><p><span style=\"text-decoration: underline;\"><strong>TRANSFERTS INTERNATIONAUX<\/strong><\/span><\/p><p>Vos informations, y compris les informations personnelles, peuvent \u00eatre transf\u00e9r\u00e9es et conserv\u00e9es sur des ordinateurs situ\u00e9s en dehors de votre province, pays ou autre juridiction gouvernementale o\u00f9 les lois sur la protection des donn\u00e9es peuvent diff\u00e9rer de celles de votre juridiction.<\/p><p>Si vous \u00eates situ\u00e9 \u00e0 l'ext\u00e9rieur du Canada et que vous choisissez de nous fournir des informations, veuillez noter que nous transf\u00e9rons les informations, y compris les informations personnelles, au Canada et que nous les traitons l\u00e0-bas.<\/p><p>Votre consentement \u00e0 cette politique de confidentialit\u00e9 suivi de votre soumission de ces informations repr\u00e9sente votre accord \u00e0 ce transfert.<\/p><p><span style=\"text-decoration: underline;\"><strong>LIENS VERS D'AUTRES SITES<\/strong><\/span><\/p><p>Notre service peut contenir des liens vers d'autres sites que nous n'exploitons pas. Si vous cliquez sur un lien tiers, vous serez dirig\u00e9 vers le site de ce tiers. Nous vous conseillons vivement de consulter la politique de confidentialit\u00e9 de chaque site que vous visitez.<\/p><p>Nous n'avons aucun contr\u00f4le et n'assumons aucune responsabilit\u00e9 quant au contenu, aux politiques de confidentialit\u00e9 ou aux pratiques des sites ou services tiers.<\/p><p><span style=\"text-decoration: underline;\"><strong>CONFIDENTIALIT\u00c9 DES ENFANTS<\/strong><\/span><\/p><p>Notre Service ne s'adresse pas \u00e0 toute personne de moins de 18 ans (\"Mineur\").<\/p><p>Nous ne recueillons pas sciemment des informations personnellement identifiables aupr\u00e8s des mineurs. Si vous \u00eates un parent ou un tuteur et que vous savez que votre mineur nous a fourni des informations personnelles, veuillez nous contacter. Si nous apprenons que nous avons collect\u00e9 des informations personnelles aupr\u00e8s de mineurs sans v\u00e9rification du consentement parental, nous prenons des mesures pour supprimer ces informations de nos serveurs.<\/p><p><span style=\"text-decoration: underline;\"><strong>MODIFICATIONS \u00c0 CETTE POLITIQUE DE CONFIDENTIALIT\u00c9<\/strong><\/span><\/p><p>Nous pouvons mettre \u00e0 jour notre politique de confidentialit\u00e9 de temps \u00e0 autre. Nous vous informerons de tout changement en publiant la nouvelle politique de confidentialit\u00e9 sur cette page.<\/p><p>Il vous est conseill\u00e9 de consulter p\u00e9riodiquement cette politique de confidentialit\u00e9 pour tout changement. Les modifications apport\u00e9es \u00e0 cette politique de confidentialit\u00e9 entrent en vigueur lorsqu'elles sont publi\u00e9es sur cette page.<\/p><p>Si nous apportons des modifications importantes \u00e0 cette politique de confidentialit\u00e9, nous vous en informerons soit via l'adresse e-mail que vous nous avez fournie, soit en pla\u00e7ant un avis bien visible sur notre site Web.<\/p><p><span style=\"text-decoration: underline;\"><strong>CONTACTEZ-NOUS<\/strong><\/span><\/p><p>Si vous avez des questions concernant cette politique de confidentialit\u00e9,  veuillez nous contacter \u00e0 <a href=\"mailto:privacy-policy@oper8bizz.com\">privacy-policy@oper8bizz.com<\/a><\/p>\t\t\t\t\t\t\t\t<\/div>\n\t\t\t\t<\/div>\n\t\t\t\t\t<\/div>\n\t\t<\/div>\n\t\t\t\t\t<\/div>\n\t\t<\/section>\n\t\t\t\t\t<\/div>\n\t\t<\/div>\n\t\t\t\t\t<\/div>\n\t\t<\/section>\n\t\t\t\t<\/div>","protected":false},"excerpt":{"rendered":"<p>Last updated: January 15, 2024 Oper8Bizz INC (&#8220;us&#8221;, &#8220;we&#8221;, or &#8220;our&#8221;) operates the oper8bizz.com website (the &#8220;Service&#8221;). PERSONAL INFORMATION COLLECT, USE, DISCLOSURE AND CONSENT Personal Information may include your name, email address, age, home address, phone number, marital status, income, credit history, medical information, education, employment information and social registration numbers. We are committed to [&hellip;]<\/p>\n","protected":false},"author":1,"featured_media":0,"parent":0,"menu_order":0,"comment_status":"closed","ping_status":"open","template":"","meta":{"_monsterinsights_skip_tracking":false,"_monsterinsights_sitenote_active":false,"_monsterinsights_sitenote_note":"","_monsterinsights_sitenote_category":0,"_uf_show_specific_survey":0,"_uf_disable_surveys":false,"footnotes":""},"class_list":["post-3","page","type-page","status-publish","hentry"],"aioseo_notices":[],"_links":{"self":[{"href":"https:\/\/oper8bizz.com\/fr\/wp-json\/wp\/v2\/pages\/3","targetHints":{"allow":["GET"]}}],"collection":[{"href":"https:\/\/oper8bizz.com\/fr\/wp-json\/wp\/v2\/pages"}],"about":[{"href":"https:\/\/oper8bizz.com\/fr\/wp-json\/wp\/v2\/types\/page"}],"author":[{"embeddable":true,"href":"https:\/\/oper8bizz.com\/fr\/wp-json\/wp\/v2\/users\/1"}],"replies":[{"embeddable":true,"href":"https:\/\/oper8bizz.com\/fr\/wp-json\/wp\/v2\/comments?post=3"}],"version-history":[{"count":45,"href":"https:\/\/oper8bizz.com\/fr\/wp-json\/wp\/v2\/pages\/3\/revisions"}],"predecessor-version":[{"id":2217,"href":"https:\/\/oper8bizz.com\/fr\/wp-json\/wp\/v2\/pages\/3\/revisions\/2217"}],"wp:attachment":[{"href":"https:\/\/oper8bizz.com\/fr\/wp-json\/wp\/v2\/media?parent=3"}],"curies":[{"name":"wp","href":"https:\/\/api.w.org\/{rel}","templated":true}]}}