{"id":2275,"date":"2024-02-11T17:12:51","date_gmt":"2024-02-11T17:12:51","guid":{"rendered":"https:\/\/oper8bizz.com\/?page_id=2275"},"modified":"2024-02-11T17:21:51","modified_gmt":"2024-02-11T17:21:51","slug":"success-stories","status":"publish","type":"page","link":"https:\/\/oper8bizz.com\/fr\/success-stories","title":{"rendered":"Nos r\u00e9ussites"},"content":{"rendered":"<div data-elementor-type=\"wp-page\" data-elementor-id=\"2275\" class=\"elementor elementor-2275\" data-elementor-post-type=\"page\">\n\t\t\t\t\t\t<section class=\"elementor-section elementor-top-section elementor-element elementor-element-99200fc elementor-section-full_width elementor-section-height-default elementor-section-height-default\" data-id=\"99200fc\" data-element_type=\"section\" data-e-type=\"section\">\n\t\t\t\t\t\t<div class=\"elementor-container elementor-column-gap-default\">\n\t\t\t\t\t<div class=\"elementor-column elementor-col-100 elementor-top-column elementor-element elementor-element-6b2e5a4f\" data-id=\"6b2e5a4f\" data-element_type=\"column\" data-e-type=\"column\">\n\t\t\t<div class=\"elementor-widget-wrap elementor-element-populated\">\n\t\t\t\t\t\t<div class=\"elementor-element elementor-element-78b6402c elementor-widget elementor-widget-image\" data-id=\"78b6402c\" data-element_type=\"widget\" data-e-type=\"widget\" data-widget_type=\"image.default\">\n\t\t\t\t<div class=\"elementor-widget-container\">\n\t\t\t\t\t\t\t\t\t\t\t\t\t\t\t<img decoding=\"async\" src=\"https:\/\/oper8bizz.com\/wp-content\/uploads\/elementor\/thumbs\/pexels-mikhail-nilov-7682458-scaled-qictrcprlg9he1v2kia5lmv4dijbmog2vw0r1kqtds.jpg\" title=\"\" alt=\"\" loading=\"lazy\" \/>\t\t\t\t\t\t\t\t\t\t\t\t\t\t\t<\/div>\n\t\t\t\t<\/div>\n\t\t\t\t<div class=\"elementor-element elementor-element-5a42fb8e elementor-align-center elementor-absolute elementor-hidden-tablet elementor-hidden-mobile elementor-invisible elementor-widget elementor-widget-button\" data-id=\"5a42fb8e\" data-element_type=\"widget\" data-e-type=\"widget\" data-settings=\"{&quot;_position&quot;:&quot;absolute&quot;,&quot;_animation&quot;:&quot;slideInDown&quot;}\" data-widget_type=\"button.default\">\n\t\t\t\t<div class=\"elementor-widget-container\">\n\t\t\t\t\t\t\t\t\t<div class=\"elementor-button-wrapper\">\n\t\t\t\t\t<a class=\"elementor-button elementor-button-link elementor-size-xs elementor-animation-sink\" href=\"#all_insights\">\n\t\t\t\t\t\t<span class=\"elementor-button-content-wrapper\">\n\t\t\t\t\t\t<span class=\"elementor-button-icon\">\n\t\t\t\t<i aria-hidden=\"true\" class=\"fas fa-angle-down\"><\/i>\t\t\t<\/span>\n\t\t\t\t\t\t\t\t\t<span class=\"elementor-button-text\">Explorez<\/span>\n\t\t\t\t\t<\/span>\n\t\t\t\t\t<\/a>\n\t\t\t\t<\/div>\n\t\t\t\t\t\t\t\t<\/div>\n\t\t\t\t<\/div>\n\t\t\t\t\t<\/div>\n\t\t<\/div>\n\t\t\t\t\t<\/div>\n\t\t<\/section>\n\t\t\t\t<section class=\"elementor-section elementor-top-section elementor-element elementor-element-4536b141 elementor-section-boxed elementor-section-height-default elementor-section-height-default\" data-id=\"4536b141\" data-element_type=\"section\" data-e-type=\"section\">\n\t\t\t\t\t\t<div class=\"elementor-container elementor-column-gap-default\">\n\t\t\t\t\t<div class=\"elementor-column elementor-col-100 elementor-top-column elementor-element elementor-element-54fa04c5\" data-id=\"54fa04c5\" data-element_type=\"column\" data-e-type=\"column\">\n\t\t\t<div class=\"elementor-widget-wrap elementor-element-populated\">\n\t\t\t\t\t\t<div class=\"elementor-element elementor-element-63fb6a0a elementor-widget elementor-widget-heading\" data-id=\"63fb6a0a\" data-element_type=\"widget\" data-e-type=\"widget\" data-widget_type=\"heading.default\">\n\t\t\t\t<div class=\"elementor-widget-container\">\n\t\t\t\t\t<h2 class=\"elementor-heading-title elementor-size-default\">D\u00e9couvrez nos r\u00e9ussites<\/h2>\t\t\t\t<\/div>\n\t\t\t\t<\/div>\n\t\t\t\t<div class=\"elementor-element elementor-element-743989c5 elementor-widget elementor-widget-text-editor\" data-id=\"743989c5\" data-element_type=\"widget\" data-e-type=\"widget\" data-widget_type=\"text-editor.default\">\n\t\t\t\t<div class=\"elementor-widget-container\">\n\t\t\t\t\t\t\t\t\tD\u00e9couvrez des histoires inspirantes de triomphe et de r\u00e9ussite. Qu\u2019il s\u2019agisse de surmonter des obstacles ou d\u2019atteindre des objectifs ambitieux, ces r\u00e9cits illustrent le pouvoir de la pers\u00e9v\u00e9rance, de l\u2019innovation et du d\u00e9vouement. Joignez-vous \u00e0 nous pour c\u00e9l\u00e9brer le parcours de personnes et d\u2019organisations qui ont transform\u00e9 des d\u00e9fis en victoires.\t\t\t\t\t\t\t\t<\/div>\n\t\t\t\t<\/div>\n\t\t\t\t<div class=\"elementor-element elementor-element-99df3b2 animated-slow elementor-widget-divider--view-line elementor-invisible elementor-widget elementor-widget-divider\" data-id=\"99df3b2\" data-element_type=\"widget\" data-e-type=\"widget\" data-settings=\"{&quot;_animation&quot;:&quot;zoomIn&quot;,&quot;_animation_delay&quot;:100}\" data-widget_type=\"divider.default\">\n\t\t\t\t<div class=\"elementor-widget-container\">\n\t\t\t\t\t\t\t<div class=\"elementor-divider\">\n\t\t\t<span class=\"elementor-divider-separator\">\n\t\t\t\t\t\t<\/span>\n\t\t<\/div>\n\t\t\t\t\t\t<\/div>\n\t\t\t\t<\/div>\n\t\t\t\t<div class=\"elementor-element elementor-element-4e23adb7 elementor-widget elementor-widget-menu-anchor\" data-id=\"4e23adb7\" data-element_type=\"widget\" data-e-type=\"widget\" data-widget_type=\"menu-anchor.default\">\n\t\t\t\t<div class=\"elementor-widget-container\">\n\t\t\t\t\t\t\t<div class=\"elementor-menu-anchor\" id=\"all_insights\"><\/div>\n\t\t\t\t\t\t<\/div>\n\t\t\t\t<\/div>\n\t\t\t\t<div class=\"elementor-element elementor-element-799a4485 elementor-widget elementor-widget-mgposts_dgrid\" data-id=\"799a4485\" data-element_type=\"widget\" data-e-type=\"widget\" data-widget_type=\"mgposts_dgrid.default\">\n\t\t\t\t<div class=\"elementor-widget-container\">\n\t\t\t\t\t\r\n            \r\n            <div id=\"mgp-items\" class=\"mgpd mgp-items style1\">\r\n                <div class=\"mgp-row\">\r\n                                                    <div class=\"mgp-col-lg-4 mgp-col-md-6 mgp-col-sm-12\">\r\n            <div class=\"mgp-card mg-card mg-shadow mgp-mb-4\">\r\n                <div class=\"mp-post-img\">            <div class=\"mp-post-img mp-card-img\">\r\n                <figure>\r\n                    <img fetchpriority=\"high\" decoding=\"async\" width=\"800\" height=\"534\" src=\"https:\/\/oper8bizz.com\/wp-content\/uploads\/2025\/02\/Transforming-Patient-Care-with-CADI-1024x683.jpg\" class=\"attachment-large size-large wp-post-image\" alt=\"\" srcset=\"https:\/\/oper8bizz.com\/wp-content\/uploads\/2025\/02\/Transforming-Patient-Care-with-CADI-1024x683.jpg 1024w, https:\/\/oper8bizz.com\/wp-content\/uploads\/2025\/02\/Transforming-Patient-Care-with-CADI-300x200.jpg 300w, https:\/\/oper8bizz.com\/wp-content\/uploads\/2025\/02\/Transforming-Patient-Care-with-CADI-768x512.jpg 768w, https:\/\/oper8bizz.com\/wp-content\/uploads\/2025\/02\/Transforming-Patient-Care-with-CADI-1536x1024.jpg 1536w, https:\/\/oper8bizz.com\/wp-content\/uploads\/2025\/02\/Transforming-Patient-Care-with-CADI-2048x1366.jpg 2048w, https:\/\/oper8bizz.com\/wp-content\/uploads\/2025\/02\/Transforming-Patient-Care-with-CADI-18x12.jpg 18w\" sizes=\"(max-width: 800px) 100vw, 800px\" \/>                <\/figure>\r\n            <\/div>\r\n        <\/div>                <div class=\"mg-card-text mgp-card-body\">\r\n                                <div class=\"mppost-cats mpcat-one mp-post-cat\">\r\n\r\n                <i class=\"icon-mp-folder-oe\"><\/i> <a href=\"https:\/\/oper8bizz.com\/fr\/category\/success-stories\">Nos r\u00e9ussites<\/a>            <\/div>\r\n                                        <a class=\"mpp-title-link mp-post-title\" href=\"https:\/\/oper8bizz.com\/fr\/transforming-patient-care-with-cadi\">\r\n                <h4 class=\"mgp-ptitle\">Transformer les soins aux patients avec CADI<\/h4>            <\/a>\r\n                                    <div class=\"mp-meta bottom-meta mgp-mb-2\">\r\n            <span class=\"mp-posts-date\"><i class=\"icon-mp-clock\"><\/i> f\u00e9vrier 17, 2025<\/span>        <\/div>\r\n                                                <p>Dans l'industrie dentaire en constante \u00e9volution, l'efficacit\u00e9, la pr\u00e9cision et l'exp\u00e9rience patient sont au c\u0153ur de chaque pratique r\u00e9ussie. L'une des avanc\u00e9es les plus transformatrices de la dentisterie moderne est l'int\u00e9gration d'une solution d'imagerie unifi\u00e9e.                        <\/p>\r\n                    \r\n                    \r\n                    \r\n                    <a href=\"https:\/\/oper8bizz.com\/fr\/transforming-patient-care-with-cadi\" target=\"_self\" class=\"mp-post-btn link1\">Lire la suite<\/a>\r\n        \r\n\r\n                    <\/div>\r\n\r\n            <\/div>\r\n        <\/div>\r\n                                                            <div class=\"mgp-col-lg-4 mgp-col-md-6 mgp-col-sm-12\">\r\n            <div class=\"mgp-card mg-card mg-shadow mgp-mb-4\">\r\n                <div class=\"mp-post-img\">            <div class=\"mp-post-img mp-card-img\">\r\n                <figure>\r\n                    <img decoding=\"async\" width=\"800\" height=\"534\" src=\"https:\/\/oper8bizz.com\/wp-content\/uploads\/2024\/01\/pexels-cottonbro-studio-6501862-1024x683.jpg\" class=\"attachment-large size-large wp-post-image\" alt=\"\" srcset=\"https:\/\/oper8bizz.com\/wp-content\/uploads\/2024\/01\/pexels-cottonbro-studio-6501862-1024x683.jpg 1024w, https:\/\/oper8bizz.com\/wp-content\/uploads\/2024\/01\/pexels-cottonbro-studio-6501862-300x200.jpg 300w, https:\/\/oper8bizz.com\/wp-content\/uploads\/2024\/01\/pexels-cottonbro-studio-6501862-768x512.jpg 768w, https:\/\/oper8bizz.com\/wp-content\/uploads\/2024\/01\/pexels-cottonbro-studio-6501862-1536x1024.jpg 1536w, https:\/\/oper8bizz.com\/wp-content\/uploads\/2024\/01\/pexels-cottonbro-studio-6501862-2048x1365.jpg 2048w\" sizes=\"(max-width: 800px) 100vw, 800px\" \/>                <\/figure>\r\n            <\/div>\r\n        <\/div>                <div class=\"mg-card-text mgp-card-body\">\r\n                                <div class=\"mppost-cats mpcat-one mp-post-cat\">\r\n\r\n                <i class=\"icon-mp-folder-oe\"><\/i> <a href=\"https:\/\/oper8bizz.com\/fr\/category\/success-stories\">Nos r\u00e9ussites<\/a>            <\/div>\r\n                                        <a class=\"mpp-title-link mp-post-title\" href=\"https:\/\/oper8bizz.com\/fr\/transforming-smiles-and-efficiency-a-dental-clinics-it-infrastructure-success-story\">\r\n                <h4 class=\"mgp-ptitle\">Transformer les sourires et l\u2019efficacit\u00e9<\/h4>            <\/a>\r\n                                    <div class=\"mp-meta bottom-meta mgp-mb-2\">\r\n            <span class=\"mp-posts-date\"><i class=\"icon-mp-clock\"><\/i> 14 Janvier, 2024<\/span>        <\/div>\r\n                                                <p>Dans le monde des soins de sant\u00e9, o\u00f9 la pr\u00e9cision et l\u2019efficacit\u00e9 sont primordiales, m\u00eame les cliniques dentaires adoptent des technologies de pointe.                        <\/p>\r\n                    \r\n                    \r\n                    \r\n                    <a href=\"https:\/\/oper8bizz.com\/fr\/transforming-smiles-and-efficiency-a-dental-clinics-it-infrastructure-success-story\" target=\"_self\" class=\"mp-post-btn link1\">Lire la suite<\/a>\r\n        \r\n\r\n                    <\/div>\r\n\r\n            <\/div>\r\n        <\/div>\r\n                                                            <div class=\"mgp-col-lg-4 mgp-col-md-6 mgp-col-sm-12\">\r\n            <div class=\"mgp-card mg-card mg-shadow mgp-mb-4\">\r\n                <div class=\"mp-post-img\">            <div class=\"mp-post-img mp-card-img\">\r\n                <figure>\r\n                    <img decoding=\"async\" width=\"800\" height=\"534\" src=\"https:\/\/oper8bizz.com\/wp-content\/uploads\/2024\/01\/pexels-negative-space-34577-1024x683.jpg\" class=\"attachment-large size-large wp-post-image\" alt=\"Digital Commerce\" srcset=\"https:\/\/oper8bizz.com\/wp-content\/uploads\/2024\/01\/pexels-negative-space-34577-1024x683.jpg 1024w, https:\/\/oper8bizz.com\/wp-content\/uploads\/2024\/01\/pexels-negative-space-34577-300x200.jpg 300w, https:\/\/oper8bizz.com\/wp-content\/uploads\/2024\/01\/pexels-negative-space-34577-768x512.jpg 768w, https:\/\/oper8bizz.com\/wp-content\/uploads\/2024\/01\/pexels-negative-space-34577-1536x1024.jpg 1536w, https:\/\/oper8bizz.com\/wp-content\/uploads\/2024\/01\/pexels-negative-space-34577-2048x1365.jpg 2048w\" sizes=\"(max-width: 800px) 100vw, 800px\" \/>                <\/figure>\r\n            <\/div>\r\n        <\/div>                <div class=\"mg-card-text mgp-card-body\">\r\n                                <div class=\"mppost-cats mpcat-one mp-post-cat\">\r\n\r\n                <i class=\"icon-mp-folder-oe\"><\/i> <a href=\"https:\/\/oper8bizz.com\/fr\/category\/success-stories\">Nos r\u00e9ussites<\/a>            <\/div>\r\n                                        <a class=\"mpp-title-link mp-post-title\" href=\"https:\/\/oper8bizz.com\/fr\/seamless-transition-the-success-story-of-migrating-a-magento-based-ecommerce-website-to-shopify\">\r\n                <h4 class=\"mgp-ptitle\">Transition harmonieuse<\/h4>            <\/a>\r\n                                    <div class=\"mp-meta bottom-meta mgp-mb-2\">\r\n            <span class=\"mp-posts-date\"><i class=\"icon-mp-clock\"><\/i> 1 Juillet, 2023<\/span>        <\/div>\r\n                                                <p>Dans le monde dynamique du commerce \u00e9lectronique, il est essentiel de garder une longueur d\u2019avance pour que les entreprises prosp\u00e8rent...                        <\/p>\r\n                    \r\n                    \r\n                    \r\n                    <a href=\"https:\/\/oper8bizz.com\/fr\/seamless-transition-the-success-story-of-migrating-a-magento-based-ecommerce-website-to-shopify\" target=\"_self\" class=\"mp-post-btn link1\">Lire la suite<\/a>\r\n        \r\n\r\n                    <\/div>\r\n\r\n            <\/div>\r\n        <\/div>\r\n                                                            <div class=\"mgp-col-lg-4 mgp-col-md-6 mgp-col-sm-12\">\r\n            <div class=\"mgp-card mg-card mg-shadow mgp-mb-4\">\r\n                <div class=\"mp-post-img\">            <div class=\"mp-post-img mp-card-img\">\r\n                <figure>\r\n                    <img loading=\"lazy\" decoding=\"async\" width=\"800\" height=\"534\" src=\"https:\/\/oper8bizz.com\/wp-content\/uploads\/2023\/03\/streamlining-1024x683.jpg\" class=\"attachment-large size-large wp-post-image\" alt=\"\" srcset=\"https:\/\/oper8bizz.com\/wp-content\/uploads\/2023\/03\/streamlining-1024x683.jpg 1024w, https:\/\/oper8bizz.com\/wp-content\/uploads\/2023\/03\/streamlining-300x200.jpg 300w, https:\/\/oper8bizz.com\/wp-content\/uploads\/2023\/03\/streamlining-768x512.jpg 768w, https:\/\/oper8bizz.com\/wp-content\/uploads\/2023\/03\/streamlining-1536x1024.jpg 1536w, https:\/\/oper8bizz.com\/wp-content\/uploads\/2023\/03\/streamlining-18x12.jpg 18w, https:\/\/oper8bizz.com\/wp-content\/uploads\/2023\/03\/streamlining.jpg 1599w\" sizes=\"(max-width: 800px) 100vw, 800px\" \/>                <\/figure>\r\n            <\/div>\r\n        <\/div>                <div class=\"mg-card-text mgp-card-body\">\r\n                                <div class=\"mppost-cats mpcat-one mp-post-cat\">\r\n\r\n                <i class=\"icon-mp-folder-oe\"><\/i> <a href=\"https:\/\/oper8bizz.com\/fr\/category\/success-stories\">Nos r\u00e9ussites<\/a>            <\/div>\r\n                                        <a class=\"mpp-title-link mp-post-title\" href=\"https:\/\/oper8bizz.com\/fr\/streamlining-success-a-case-study-on-revolutionizing-operations\">\r\n                <h4 class=\"mgp-ptitle\">Am\u00e9lioration des op\u00e9ration<\/h4>            <\/a>\r\n                                    <div class=\"mp-meta bottom-meta mgp-mb-2\">\r\n            <span class=\"mp-posts-date\"><i class=\"icon-mp-clock\"><\/i> 15 mars, 2023<\/span>        <\/div>\r\n                                                <p>In today&#039;s fast-paced business environment, staying ahead of the competition requires adopting cutting-edge technologies.                        <\/p>\r\n                    \r\n                    \r\n                    \r\n                    <a href=\"https:\/\/oper8bizz.com\/fr\/streamlining-success-a-case-study-on-revolutionizing-operations\" target=\"_self\" class=\"mp-post-btn link1\">Lire la suite<\/a>\r\n        \r\n\r\n                    <\/div>\r\n\r\n            <\/div>\r\n        <\/div>\r\n                                                            <div class=\"mgp-col-lg-4 mgp-col-md-6 mgp-col-sm-12\">\r\n            <div class=\"mgp-card mg-card mg-shadow mgp-mb-4\">\r\n                <div class=\"mp-post-img\">            <div class=\"mp-post-img mp-card-img\">\r\n                <figure>\r\n                    <img loading=\"lazy\" decoding=\"async\" width=\"800\" height=\"534\" src=\"https:\/\/oper8bizz.com\/wp-content\/uploads\/2024\/01\/pexels-monstera-production-7411982-1024x683.jpg\" class=\"attachment-large size-large wp-post-image\" alt=\"\" srcset=\"https:\/\/oper8bizz.com\/wp-content\/uploads\/2024\/01\/pexels-monstera-production-7411982-1024x683.jpg 1024w, https:\/\/oper8bizz.com\/wp-content\/uploads\/2024\/01\/pexels-monstera-production-7411982-300x200.jpg 300w, https:\/\/oper8bizz.com\/wp-content\/uploads\/2024\/01\/pexels-monstera-production-7411982-768x512.jpg 768w, https:\/\/oper8bizz.com\/wp-content\/uploads\/2024\/01\/pexels-monstera-production-7411982-1536x1024.jpg 1536w, https:\/\/oper8bizz.com\/wp-content\/uploads\/2024\/01\/pexels-monstera-production-7411982-2048x1365.jpg 2048w\" sizes=\"(max-width: 800px) 100vw, 800px\" \/>                <\/figure>\r\n            <\/div>\r\n        <\/div>                <div class=\"mg-card-text mgp-card-body\">\r\n                                <div class=\"mppost-cats mpcat-one mp-post-cat\">\r\n\r\n                <i class=\"icon-mp-folder-oe\"><\/i> <a href=\"https:\/\/oper8bizz.com\/fr\/category\/success-stories\">Nos r\u00e9ussites<\/a>            <\/div>\r\n                                        <a class=\"mpp-title-link mp-post-title\" href=\"https:\/\/oper8bizz.com\/fr\/bilingual-regulatory-compliance\">\r\n                <h4 class=\"mgp-ptitle\">Conformit\u00e9 r\u00e9glementaire<\/h4>            <\/a>\r\n                                    <div class=\"mp-meta bottom-meta mgp-mb-2\">\r\n            <span class=\"mp-posts-date\"><i class=\"icon-mp-clock\"><\/i> 18 D\u00e9cembre, 2022<\/span>        <\/div>\r\n                                                <p>Dans un march\u00e9 mondial en constante \u00e9volution, les entreprises doivent atteindre un public plus large tout en s'adaptant \u00e0 des r\u00e9glementations linguistiques complexes.                        <\/p>\r\n                    \r\n                    \r\n                    \r\n                    <a href=\"https:\/\/oper8bizz.com\/fr\/bilingual-regulatory-compliance\" target=\"_self\" class=\"mp-post-btn link1\">Lire la suite<\/a>\r\n        \r\n\r\n                    <\/div>\r\n\r\n            <\/div>\r\n        <\/div>\r\n                                            <\/div>\r\n            <\/div>\r\n\r\n            \r\n            \r\n            \r\n\t\t\t\t<\/div>\n\t\t\t\t<\/div>\n\t\t\t\t\t<\/div>\n\t\t<\/div>\n\t\t\t\t\t<\/div>\n\t\t<\/section>\n\t\t\t\t<section class=\"elementor-section elementor-top-section elementor-element elementor-element-3a83d0e6 elementor-section-boxed elementor-section-height-default elementor-section-height-default\" data-id=\"3a83d0e6\" data-element_type=\"section\" data-e-type=\"section\">\n\t\t\t\t\t\t<div class=\"elementor-container elementor-column-gap-default\">\n\t\t\t\t\t<div class=\"elementor-column elementor-col-100 elementor-top-column elementor-element elementor-element-66493b12\" data-id=\"66493b12\" data-element_type=\"column\" data-e-type=\"column\">\n\t\t\t<div class=\"elementor-widget-wrap elementor-element-populated\">\n\t\t\t\t\t\t<div class=\"elementor-element elementor-element-2dff19be elementor-widget elementor-widget-heading\" data-id=\"2dff19be\" data-element_type=\"widget\" data-e-type=\"widget\" data-widget_type=\"heading.default\">\n\t\t\t\t<div class=\"elementor-widget-container\">\n\t\t\t\t\t<h2 class=\"elementor-heading-title elementor-size-default\">suivez-nous<\/h2>\t\t\t\t<\/div>\n\t\t\t\t<\/div>\n\t\t\t\t<div class=\"elementor-element elementor-element-34a01cf4 elementor-shape-square elementor-grid-0 e-grid-align-center elementor-widget elementor-widget-global elementor-global-1521 elementor-widget-social-icons\" data-id=\"34a01cf4\" data-element_type=\"widget\" data-e-type=\"widget\" data-widget_type=\"social-icons.default\">\n\t\t\t\t<div class=\"elementor-widget-container\">\n\t\t\t\t\t\t\t<div class=\"elementor-social-icons-wrapper elementor-grid\" role=\"list\">\n\t\t\t\t\t\t\t<span class=\"elementor-grid-item\" role=\"listitem\">\n\t\t\t\t\t<a class=\"elementor-icon elementor-social-icon elementor-social-icon-facebook elementor-animation-sink elementor-repeater-item-a165699\" href=\"https:\/\/www.facebook.com\/oper8bizz\" target=\"_blank\">\n\t\t\t\t\t\t<span class=\"elementor-screen-only\">Facebook<\/span>\n\t\t\t\t\t\t<i aria-hidden=\"true\" class=\"fab fa-facebook\"><\/i>\t\t\t\t\t<\/a>\n\t\t\t\t<\/span>\n\t\t\t\t\t\t\t<span class=\"elementor-grid-item\" role=\"listitem\">\n\t\t\t\t\t<a class=\"elementor-icon elementor-social-icon elementor-social-icon-linkedin elementor-animation-sink elementor-repeater-item-0cf687a\" href=\"https:\/\/www.linkedin.com\/company\/oper8bizz\/\" target=\"_blank\">\n\t\t\t\t\t\t<span class=\"elementor-screen-only\">Linkedin<\/span>\n\t\t\t\t\t\t<i aria-hidden=\"true\" class=\"fab fa-linkedin\"><\/i>\t\t\t\t\t<\/a>\n\t\t\t\t<\/span>\n\t\t\t\t\t\t\t<span class=\"elementor-grid-item\" role=\"listitem\">\n\t\t\t\t\t<a class=\"elementor-icon elementor-social-icon elementor-social-icon-instagram elementor-animation-sink elementor-repeater-item-e657132\" href=\"https:\/\/www.instagram.com\/oper8bizz\/\" target=\"_blank\">\n\t\t\t\t\t\t<span class=\"elementor-screen-only\">Instagram<\/span>\n\t\t\t\t\t\t<i aria-hidden=\"true\" class=\"fab fa-instagram\"><\/i>\t\t\t\t\t<\/a>\n\t\t\t\t<\/span>\n\t\t\t\t\t<\/div>\n\t\t\t\t\t\t<\/div>\n\t\t\t\t<\/div>\n\t\t\t\t\t<\/div>\n\t\t<\/div>\n\t\t\t\t\t<\/div>\n\t\t<\/section>\n\t\t\t\t<\/div>","protected":false},"excerpt":{"rendered":"<p>D\u00e9couvrez des histoires inspirantes de triomphe et de r\u00e9ussite. Qu\u2019il s\u2019agisse de surmonter des obstacles ou d\u2019atteindre des objectifs ambitieux, ces r\u00e9cits illustrent le pouvoir de la pers\u00e9v\u00e9rance, de l\u2019innovation et du d\u00e9vouement. Joignez-vous \u00e0 nous pour c\u00e9l\u00e9brer le parcours de personnes et d\u2019organisations qui ont transform\u00e9 des d\u00e9fis en victoires.<\/p>","protected":false},"author":1,"featured_media":948,"parent":0,"menu_order":0,"comment_status":"closed","ping_status":"closed","template":"elementor_header_footer","meta":{"_monsterinsights_skip_tracking":false,"_monsterinsights_sitenote_active":false,"_monsterinsights_sitenote_note":"","_monsterinsights_sitenote_category":0,"_uf_show_specific_survey":0,"_uf_disable_surveys":false,"footnotes":""},"class_list":["post-2275","page","type-page","status-publish","has-post-thumbnail","hentry"],"aioseo_notices":[],"_links":{"self":[{"href":"https:\/\/oper8bizz.com\/fr\/wp-json\/wp\/v2\/pages\/2275","targetHints":{"allow":["GET"]}}],"collection":[{"href":"https:\/\/oper8bizz.com\/fr\/wp-json\/wp\/v2\/pages"}],"about":[{"href":"https:\/\/oper8bizz.com\/fr\/wp-json\/wp\/v2\/types\/page"}],"author":[{"embeddable":true,"href":"https:\/\/oper8bizz.com\/fr\/wp-json\/wp\/v2\/users\/1"}],"replies":[{"embeddable":true,"href":"https:\/\/oper8bizz.com\/fr\/wp-json\/wp\/v2\/comments?post=2275"}],"version-history":[{"count":16,"href":"https:\/\/oper8bizz.com\/fr\/wp-json\/wp\/v2\/pages\/2275\/revisions"}],"predecessor-version":[{"id":2295,"href":"https:\/\/oper8bizz.com\/fr\/wp-json\/wp\/v2\/pages\/2275\/revisions\/2295"}],"wp:featuredmedia":[{"embeddable":true,"href":"https:\/\/oper8bizz.com\/fr\/wp-json\/wp\/v2\/media\/948"}],"wp:attachment":[{"href":"https:\/\/oper8bizz.com\/fr\/wp-json\/wp\/v2\/media?parent=2275"}],"curies":[{"name":"wp","href":"https:\/\/api.w.org\/{rel}","templated":true}]}}